{"id":865,"date":"2016-01-25T01:52:57","date_gmt":"2016-01-24T22:52:57","guid":{"rendered":"http:\/\/fyysikkoalumni.fi\/wordpress\/?page_id=865"},"modified":"2020-03-21T01:29:50","modified_gmt":"2020-03-20T22:29:50","slug":"yrityksille","status":"publish","type":"page","link":"https:\/\/fyysikkoalumni.fi\/wordpress\/yrityksille\/","title":{"rendered":"Yritysyhteisty\u00f6"},"content":{"rendered":"<p>Yhteisty\u00f6 yritysten kanssa on keskeinen osa Fyysikkoalumnin toimintaa. Tarkoitus on tiedon ja kokemusten jakaminen, uran ja ty\u00f6llistymisen tukeminen sek\u00e4 yhteisty\u00f6mahdollisuuksien avaaminen. Fyysikkoalumni tuo esille fyysikkojen osaamista, rakentaen ja yll\u00e4pit\u00e4en fyysikkobr\u00e4ndi\u00e4. Kumppaneina on sek\u00e4 isoja yrityksi\u00e4 ett\u00e4 startupeja ja PK-yrityksi\u00e4.<\/p>\n<p>Yhteisty\u00f6n t\u00e4rkeimm\u00e4t muodot ovat yritysten toimintaa esittelev\u00e4t Fyysikkomessut, sek\u00e4 yritysekskursiot Fyysikkoalumnia kiinnostaviin yrityksiin. Molempien tapahtumien tyypillinen osallistujajoukko edustaa laajaa ik\u00e4jakaumaa alumneja. Lis\u00e4ksi tapahtumat j\u00e4rjestet\u00e4\u00e4n usein yhdess\u00e4 Fyysikkokillan kanssa, jolloin my\u00f6s opiskelijoita kutsutaan mukaan.<\/p>\n<h3>Ota yhteytt\u00e4<\/h3>\n<p>Mik\u00e4li yrityksesi on kiinnostunut kutsumaan Fyysikkoalumnin ekskursiolle tai osallistumaan Fyysikkomessuille, t\u00e4yt\u00e4 sivun pohjalta l\u00f6ytyv\u00e4 kentt\u00e4.<\/p>\n<h3>Fyysikkomessut<\/h3>\n<p>Fyysikkomessut on vuodesta 2010 l\u00e4htien j\u00e4rjestetty fyysikoita, matemaatikoita ja yrityksi\u00e4 verkottava tapahtuma. Yhdist\u00e4v\u00e4n\u00e4 tekij\u00e4n\u00e4 mukana oleville yrityksille on jonkinlainen kontakti fyysikoihin: joko perustajien joukossa on fyysikoita tai yritys ty\u00f6llist\u00e4\u00e4 fyysikoita. Tapahtuma on muodostunut tapahtumakalenterimme alkuvuoden vakiotapahtumaksi kohtuullisen suuren suosionsa my\u00f6t\u00e4 (v. 2020 tapahtumassamme oli noin 60 osallistujaa). Illan ohjelma rakentuu yritysedustajien pit\u00e4mist\u00e4 ytimekk\u00e4ist\u00e4 pitcheist\u00e4 ja vapaasta verkostoitumisesta ruuan ja juoman kera, jonka aikana yrityksille tarjotaan mahdollisuus esitell\u00e4 toimintaansa omilla st\u00e4ndeill\u00e4. Ohjelmassa voi olla my\u00f6s seminaari tai keynote lecture -osuus. Tapahtuma toteutetaan yhteisty\u00f6ss\u00e4 Fyysikkokillan kanssa, joten yleis\u00f6 koostuu paitsi ty\u00f6el\u00e4m\u00e4ss\u00e4 olevista Fyysikkoalumnin j\u00e4senist\u00e4 my\u00f6s nykyisist\u00e4 Aalto-yliopiston teknillisen fysiikan ja matematiikan opiskelijoista.<\/p>\n<h3>Yritysekskursiot<\/h3>\n<p>Fyysikkoalumni ry j\u00e4rjest\u00e4\u00e4 vuosittain ekskursioita fyysikoita ja matemaatikoita kiinnostaviin yrityksiin. Esimerkiksi yrityksen toimiala voi olla fyysikkoalumneja kiinnostava tai yritys voi kiinnostaa potentiaalisena fyysikkojen ja matemaatikoiden ty\u00f6paikkana. Yritysekskursioille osallistuvien alumnien ik\u00e4jakauma on laaja. Yritysexkursio voidaan j\u00e4rjest\u00e4\u00e4 my\u00f6s yhdess\u00e4 Fyysikkokillan kanssa yrityksen toiveet huomioiden.<\/p>\n<h3>Yhteisty\u00f6ehdotus<\/h3>\n<div role=\"form\" class=\"wpcf7\" id=\"wpcf7-f878-o1\" lang=\"fi\" dir=\"ltr\">\n<div class=\"screen-reader-response\"><p role=\"status\" aria-live=\"polite\" aria-atomic=\"true\"><\/p> <ul><\/ul><\/div>\n<form action=\"\/wordpress\/wp-json\/wp\/v2\/pages\/865#wpcf7-f878-o1\" method=\"post\" class=\"wpcf7-form init\" novalidate=\"novalidate\" data-status=\"init\">\n<div style=\"display: none;\">\n<input type=\"hidden\" name=\"_wpcf7\" value=\"878\" \/>\n<input type=\"hidden\" name=\"_wpcf7_version\" value=\"5.5.4\" \/>\n<input type=\"hidden\" name=\"_wpcf7_locale\" value=\"fi\" \/>\n<input type=\"hidden\" name=\"_wpcf7_unit_tag\" value=\"wpcf7-f878-o1\" \/>\n<input type=\"hidden\" name=\"_wpcf7_container_post\" value=\"0\" \/>\n<input type=\"hidden\" name=\"_wpcf7_posted_data_hash\" value=\"\" \/>\n<\/div>\n<p><span style=\"color: #ff0000;\">Huomautus: lomakkeessa k\u00e4ytet\u00e4\u00e4n varmistuskoodia roskapostin v\u00e4ltt\u00e4miseksi. Kirjoita lomakkeen lopussa olevassa ruudussa n\u00e4kem\u00e4si merkit ruudun oikealla puolella olevaan tilaan.<\/span><\/p>\n<hr \/>\n<div style=\"display:none;\">\n<span class=\"wpcf7-form-control-wrap your-subject\"><input type=\"text\" name=\"your-subject\" value=\"Yhteydenotto liittyen yritysyhteisty\u00f6h\u00f6n\" size=\"40\" class=\"wpcf7-form-control wpcf7-text\" aria-invalid=\"false\" \/><\/span><\/div>\n<p>Yrityksen nimi (pakollinen)<br \/>\n    <span class=\"wpcf7-form-control-wrap your-company\"><input type=\"text\" name=\"your-company\" value=\"\" size=\"40\" class=\"wpcf7-form-control wpcf7-text wpcf7-validates-as-required\" aria-required=\"true\" aria-invalid=\"false\" \/><\/span> <\/p>\n<p>Yhteyshenkil\u00f6n nimi (pakollinen)<br \/>\n    <span class=\"wpcf7-form-control-wrap your-name\"><input type=\"text\" name=\"your-name\" value=\"\" size=\"40\" class=\"wpcf7-form-control wpcf7-text wpcf7-validates-as-required\" aria-required=\"true\" aria-invalid=\"false\" \/><\/span> <\/p>\n<p>Yhteyshenkil\u00f6n s\u00e4hk\u00f6postiosoite (pakollinen)<br \/>\n    <span class=\"wpcf7-form-control-wrap your-email\"><input type=\"email\" name=\"your-email\" value=\"\" size=\"40\" class=\"wpcf7-form-control wpcf7-text wpcf7-email wpcf7-validates-as-required wpcf7-validates-as-email\" aria-required=\"true\" aria-invalid=\"false\" \/><\/span><\/p>\n<p>Yhteisty\u00f6n tyyppi<br \/>\n   <span class=\"wpcf7-form-control-wrap event-type\"><span class=\"wpcf7-form-control wpcf7-radio\"><span class=\"wpcf7-list-item first\"><input type=\"radio\" name=\"event-type\" value=\"Ekskursio\" \/><span class=\"wpcf7-list-item-label\">Ekskursio<\/span><\/span><span class=\"wpcf7-list-item\"><input type=\"radio\" name=\"event-type\" value=\"Fyysikkomessut\" \/><span class=\"wpcf7-list-item-label\">Fyysikkomessut<\/span><\/span><span class=\"wpcf7-list-item last\"><input type=\"radio\" name=\"event-type\" value=\"Muu\" \/><span class=\"wpcf7-list-item-label\">Muu<\/span><\/span><\/span><\/span><\/p>\n<p>Ekskursion erityinen kohderyhm\u00e4, mahdollinen ajankohta, tai vapaa sana<br \/>\n    <span class=\"wpcf7-form-control-wrap event-target-group\"><textarea name=\"event-target-group\" cols=\"40\" rows=\"10\" class=\"wpcf7-form-control wpcf7-textarea\" aria-invalid=\"false\"><\/textarea><\/span> <\/p>\n<p>Varmistuskoodi (pakollinen)<br \/>\n   <input type=\"hidden\" name=\"_wpcf7_captcha_challenge_captcha-1\" value=\"3370716625\" \/><img class=\"wpcf7-form-control wpcf7-captchac wpcf7-captcha-captcha-1\" width=\"72\" height=\"24\" alt=\"captcha\" src=\"https:\/\/fyysikkoalumni.fi\/wordpress\/wp-content\/uploads\/wpcf7_captcha\/3370716625.png\" \/> <span class=\"wpcf7-form-control-wrap captcha-1\"><input type=\"text\" name=\"captcha-1\" value=\"\" size=\"40\" class=\"wpcf7-form-control wpcf7-captchar\" autocomplete=\"off\" aria-invalid=\"false\" \/><\/span><\/p>\n<p><input type=\"submit\" value=\"L\u00e4het\u00e4\" class=\"wpcf7-form-control has-spinner wpcf7-submit\" \/><\/p>\n<div class=\"wpcf7-response-output\" aria-hidden=\"true\"><\/div><\/form><\/div>\n","protected":false},"excerpt":{"rendered":"<p>Yhteisty\u00f6 yritysten kanssa on keskeinen osa Fyysikkoalumnin toimintaa. Tarkoitus on tiedon ja kokemusten jakaminen, uran ja ty\u00f6llistymisen tukeminen sek\u00e4 yhteisty\u00f6mahdollisuuksien avaaminen. Fyysikkoalumni tuo esille fyysikkojen osaamista, rakentaen ja yll\u00e4pit\u00e4en fyysikkobr\u00e4ndi\u00e4. Kumppaneina on sek\u00e4 isoja yrityksi\u00e4 ett\u00e4 startupeja ja PK-yrityksi\u00e4. Yhteisty\u00f6n t\u00e4rkeimm\u00e4t muodot ovat yritysten toimintaa esittelev\u00e4t Fyysikkomessut, sek\u00e4 yritysekskursiot Fyysikkoalumnia kiinnostaviin yrityksiin. Molempien tapahtumien tyypillinen [&hellip;]<\/p>\n<a href=\"https:\/\/fyysikkoalumni.fi\/wordpress\/yrityksille\/\">Lue lis\u00e4\u00e4...<\/a>","protected":false},"author":1,"featured_media":0,"parent":0,"menu_order":3,"comment_status":"closed","ping_status":"closed","template":"","meta":[],"_links":{"self":[{"href":"https:\/\/fyysikkoalumni.fi\/wordpress\/wp-json\/wp\/v2\/pages\/865"}],"collection":[{"href":"https:\/\/fyysikkoalumni.fi\/wordpress\/wp-json\/wp\/v2\/pages"}],"about":[{"href":"https:\/\/fyysikkoalumni.fi\/wordpress\/wp-json\/wp\/v2\/types\/page"}],"author":[{"embeddable":true,"href":"https:\/\/fyysikkoalumni.fi\/wordpress\/wp-json\/wp\/v2\/users\/1"}],"replies":[{"embeddable":true,"href":"https:\/\/fyysikkoalumni.fi\/wordpress\/wp-json\/wp\/v2\/comments?post=865"}],"version-history":[{"count":7,"href":"https:\/\/fyysikkoalumni.fi\/wordpress\/wp-json\/wp\/v2\/pages\/865\/revisions"}],"predecessor-version":[{"id":2459,"href":"https:\/\/fyysikkoalumni.fi\/wordpress\/wp-json\/wp\/v2\/pages\/865\/revisions\/2459"}],"wp:attachment":[{"href":"https:\/\/fyysikkoalumni.fi\/wordpress\/wp-json\/wp\/v2\/media?parent=865"}],"curies":[{"name":"wp","href":"https:\/\/api.w.org\/{rel}","templated":true}]}}