{"id":8,"date":"2020-09-07T20:53:48","date_gmt":"2020-09-07T17:53:48","guid":{"rendered":"http:\/\/fyysikkoalumni.fi\/wordpress\/?page_id=8"},"modified":"2026-04-22T22:42:25","modified_gmt":"2026-04-22T19:42:25","slug":"etusivu","status":"publish","type":"page","link":"https:\/\/fyysikkoalumni.fi\/wordpress\/","title":{"rendered":"Fyysikkoalumni ry \u2013 Fysikeralumni rf"},"content":{"rendered":"<div id=\"events\">\n<h2>Tulevia tapahtumia\u00a0 <img loading=\"lazy\" class=\"alignnone  wp-image-1491\" src=\"https:\/\/fyysikkoalumni.fi\/wordpress\/wp-content\/uploads\/2018\/02\/calender.png\" alt=\"\" width=\"23\" height=\"22\" \/>\u00a0 Upcoming events<\/h2>\n<ul>\n<li style=\"list-style-type: none;\">\n<ul>\n<li style=\"list-style-type: none;\">\n<ul>\n<li style=\"text-align: left;\"><a href=\"https:\/\/fyysikkoalumni.fi\/wordpress\/fyysikkoalumnin-wappuskumpat-2026\/\">Wappuskumpat 2026<\/a><\/li>\n<\/ul>\n<\/li>\n<\/ul>\n<\/li>\n<\/ul>\n<p>J\u00e4sen: jos et saa s\u00e4hk\u00f6postia tapahtumasta,<em> <a href=\"https:\/\/fyysikkoalumni.fi\/wordpress\/ota-yhteytta\/\">otathan yhteytt\u00e4<\/a><\/em>!<\/p>\n<p>Many of our events have English content (e.g. lectures), please<em><a href=\"https:\/\/fyysikkoalumni.fi\/wordpress\/physics-alumni-of-aalto-university\/\"> contact us<\/a><\/em> to get more info!<\/p>\n<p>Esimerkkej\u00e4 viimeisimmist\u00e4 tapahtumista:<\/p>\n<ul>\n<li><a href=\"https:\/\/fyysikkoalumni.fi\/wordpress\/vuosikokous-15-4\/\">Vuosikokous 15.4 Otaniemess\u00e4<\/a><\/li>\n<li><a href=\"https:\/\/fyysikkoalumni.fi\/wordpress\/fyysikkomessut-ke-11-3\/\">Fyysikkomessut ke 11.3\u00a0<\/a><\/li>\n<li><a href=\"https:\/\/fyysikkoalumni.fi\/wordpress\/historian-suuret-fyysikot-luento-28-1\/\">Historian suuret fyysikot ke 28.1.2026<\/a><\/li>\n<li><a href=\"https:\/\/fyysikkoalumni.fi\/wordpress\/fyysikkoalumnin-jouluglogit-to-11-12-tapiolassa-christmas-glogg-dec-11\/\">Joulugl\u00f6git Tapiolassa to 11.12.2025<\/a><\/li>\n<li><a href=\"https:\/\/fyysikkoalumni.fi\/wordpress\/excursio-olkiluotoon-pe-14-11-2025\/\">Excursio Olkiluotoon pe 14.11.2025<\/a><\/li>\n<li><a href=\"https:\/\/fyysikkoalumni.fi\/wordpress\/metsahovin-radio-observatorio-to-15-5\/\">Excursio Mets\u00e4hovin radioteleskoopille 15.5<\/a><\/li>\n<\/ul>\n<\/div>\n<h2>Tervetuloa Fyysikkoalumni ry:n kotisivuille!<\/h2>\n<p>Fyysikkoalumni on kasvava alumnij\u00e4rjest\u00f6, jonka tarkoituksena on yhdist\u00e4\u00e4 Aalto-yliopistosta ja entisest\u00e4 Teknillisest\u00e4 korkeakoulusta teknillisen fysiikan ja matematiikan\u00a0koulutusohjelmasta valmistuneita tekniikan kandidaatteja, diplomi-insin\u00f6\u00f6rej\u00e4, tekniikan lisensiaatteja sek\u00e4 tekniikan tohtoreita ja kaikkea silt\u00e4 v\u00e4lilt\u00e4.<\/p>\n<p>Nykymuodossaan yhdistys on perustettu vuonna 2004 ja toimii aktiivisesti j\u00e4rjest\u00e4en excursioita, saunailtoja ja sitsej\u00e4 j\u00e4senist\u00f6lleen. Yhteisty\u00f6t\u00e4 tehd\u00e4\u00e4n muiden Aallon alumnij\u00e4rjest\u00f6jen, Aalto-yliopiston Teknillisen fysiikan ja matematiikan osaston sek\u00e4 tietenkin Fyysikkokillan kanssa.<\/p>\n<p>Liity kattavaan verkostoon ja tule j\u00e4seneksi!<\/p>\n\n\n<figure class=\"wp-block-image size-large\"><a href=\"https:\/\/fyysikkoalumni.fi\/wordpress\/yhdistysesittely\/jaseneksi-liittyminen\"><img loading=\"lazy\" width=\"626\" height=\"212\" src=\"https:\/\/fyysikkoalumni.fi\/wordpress\/wp-content\/uploads\/2018\/02\/liityjaseneksi2.png\" alt=\"liity\" class=\"wp-image-1506\"\/><\/a><\/figure>\n\n\n\n<p><\/p>\n","protected":false},"excerpt":{"rendered":"<p>Tulevia tapahtumia\u00a0 \u00a0 Upcoming events Wappuskumpat 2026 J\u00e4sen: jos et saa s\u00e4hk\u00f6postia tapahtumasta, otathan yhteytt\u00e4! Many of our events have English content (e.g. lectures), please contact us to get more info! Esimerkkej\u00e4 viimeisimmist\u00e4 tapahtumista: Vuosikokous 15.4 Otaniemess\u00e4 Fyysikkomessut ke 11.3\u00a0 Historian suuret fyysikot ke 28.1.2026 Joulugl\u00f6git Tapiolassa to 11.12.2025 Excursio Olkiluotoon pe 14.11.2025 Excursio Mets\u00e4hovin [&hellip;]<\/p>\n<a href=\"https:\/\/fyysikkoalumni.fi\/wordpress\/\">Lue lis\u00e4\u00e4...<\/a>","protected":false},"author":1,"featured_media":0,"parent":0,"menu_order":0,"comment_status":"closed","ping_status":"closed","template":"","meta":[],"_links":{"self":[{"href":"https:\/\/fyysikkoalumni.fi\/wordpress\/wp-json\/wp\/v2\/pages\/8"}],"collection":[{"href":"https:\/\/fyysikkoalumni.fi\/wordpress\/wp-json\/wp\/v2\/pages"}],"about":[{"href":"https:\/\/fyysikkoalumni.fi\/wordpress\/wp-json\/wp\/v2\/types\/page"}],"author":[{"embeddable":true,"href":"https:\/\/fyysikkoalumni.fi\/wordpress\/wp-json\/wp\/v2\/users\/1"}],"replies":[{"embeddable":true,"href":"https:\/\/fyysikkoalumni.fi\/wordpress\/wp-json\/wp\/v2\/comments?post=8"}],"version-history":[{"count":267,"href":"https:\/\/fyysikkoalumni.fi\/wordpress\/wp-json\/wp\/v2\/pages\/8\/revisions"}],"predecessor-version":[{"id":3120,"href":"https:\/\/fyysikkoalumni.fi\/wordpress\/wp-json\/wp\/v2\/pages\/8\/revisions\/3120"}],"wp:attachment":[{"href":"https:\/\/fyysikkoalumni.fi\/wordpress\/wp-json\/wp\/v2\/media?parent=8"}],"curies":[{"name":"wp","href":"https:\/\/api.w.org\/{rel}","templated":true}]}}