{"id":60,"date":"2014-10-17T22:33:25","date_gmt":"2014-10-17T19:33:25","guid":{"rendered":"http:\/\/fyysikkoalumni.fi\/wordpress\/?page_id=60"},"modified":"2018-08-23T18:25:50","modified_gmt":"2018-08-23T15:25:50","slug":"ota-yhteytta","status":"publish","type":"page","link":"https:\/\/fyysikkoalumni.fi\/wordpress\/ota-yhteytta\/","title":{"rendered":"Ota yhteytt\u00e4"},"content":{"rendered":"<h2>S\u00e4hk\u00f6posti:<\/h2>\n<p>hallitus [at] fyysikkoalumni.fi<\/p>\n<p>Voit ottaa yhteytt\u00e4 Fyysikkoalumni ry:n hallitukseen my\u00f6s alla olevan lomakkeen v\u00e4lityksell\u00e4. Esimerkiksi muuttuneet yhteystiedot on k\u00e4tev\u00e4 ilmoittaa sill\u00e4.<\/p>\n<p>Mik\u00e4li haet j\u00e4seneksi k\u00e4yt\u00e4 kuitenkin erillist\u00e4 j\u00e4seneksi-lomaketta.<\/p>\n<div role=\"form\" class=\"wpcf7\" id=\"wpcf7-f62-o1\" lang=\"fi\" dir=\"ltr\">\n<div class=\"screen-reader-response\"><p role=\"status\" aria-live=\"polite\" aria-atomic=\"true\"><\/p> <ul><\/ul><\/div>\n<form action=\"\/wordpress\/wp-json\/wp\/v2\/pages\/60#wpcf7-f62-o1\" method=\"post\" class=\"wpcf7-form init\" novalidate=\"novalidate\" data-status=\"init\">\n<div style=\"display: none;\">\n<input type=\"hidden\" name=\"_wpcf7\" value=\"62\" \/>\n<input type=\"hidden\" name=\"_wpcf7_version\" value=\"5.5.4\" \/>\n<input type=\"hidden\" name=\"_wpcf7_locale\" value=\"fi\" \/>\n<input type=\"hidden\" name=\"_wpcf7_unit_tag\" value=\"wpcf7-f62-o1\" \/>\n<input type=\"hidden\" name=\"_wpcf7_container_post\" value=\"0\" \/>\n<input type=\"hidden\" name=\"_wpcf7_posted_data_hash\" value=\"\" \/>\n<\/div>\n<p><span style=\"color: #ff0000;\">Huomautus: lomakkeessa k\u00e4ytet\u00e4\u00e4n varmistuskoodia roskapostin v\u00e4ltt\u00e4miseksi. Kirjoita lomakkeen lopussa olevassa ruudussa n\u00e4kem\u00e4si merkit ruudun oikealla puolella olevaan tilaan.<\/span><\/p>\n<hr \/>\n<p>Nimesi (pakollinen)<br \/>\n    <span class=\"wpcf7-form-control-wrap your-name\"><input type=\"text\" name=\"your-name\" value=\"\" size=\"40\" class=\"wpcf7-form-control wpcf7-text wpcf7-validates-as-required\" aria-required=\"true\" aria-invalid=\"false\" \/><\/span> <\/p>\n<p>S\u00e4hk\u00f6postiosoitteesi (pakollinen)<br \/>\n    <span class=\"wpcf7-form-control-wrap your-email\"><input type=\"email\" name=\"your-email\" value=\"\" size=\"40\" class=\"wpcf7-form-control wpcf7-text wpcf7-email wpcf7-validates-as-required wpcf7-validates-as-email\" aria-required=\"true\" aria-invalid=\"false\" \/><\/span> <\/p>\n<p>Aiheesi (pakollinen)<br \/>\n    <span class=\"wpcf7-form-control-wrap your-subject\"><textarea name=\"your-subject\" cols=\"40\" rows=\"10\" class=\"wpcf7-form-control wpcf7-textarea wpcf7-validates-as-required\" aria-required=\"true\" aria-invalid=\"false\"><\/textarea><\/span> <\/p>\n<p>Viestisi<br \/>\n    <span class=\"wpcf7-form-control-wrap your-message\"><textarea name=\"your-message\" cols=\"40\" rows=\"10\" class=\"wpcf7-form-control wpcf7-textarea\" aria-invalid=\"false\"><\/textarea><\/span> <\/p>\n<p>Varmistuskoodi (pakollinen)<br \/>\n   <input type=\"hidden\" name=\"_wpcf7_captcha_challenge_captcha-1\" value=\"711022077\" \/><img class=\"wpcf7-form-control wpcf7-captchac wpcf7-captcha-captcha-1\" width=\"72\" height=\"24\" alt=\"captcha\" src=\"https:\/\/fyysikkoalumni.fi\/wordpress\/wp-content\/uploads\/wpcf7_captcha\/711022077.png\" \/> <span class=\"wpcf7-form-control-wrap captcha-1\"><input type=\"text\" name=\"captcha-1\" value=\"\" size=\"40\" class=\"wpcf7-form-control wpcf7-captchar\" autocomplete=\"off\" aria-invalid=\"false\" \/><\/span><\/p>\n<p><input type=\"submit\" value=\"L\u00e4het\u00e4\" class=\"wpcf7-form-control has-spinner wpcf7-submit\" \/><\/p>\n<div class=\"wpcf7-response-output\" aria-hidden=\"true\"><\/div><\/form><\/div>\n","protected":false},"excerpt":{"rendered":"<p>S\u00e4hk\u00f6posti: hallitus [at] fyysikkoalumni.fi Voit ottaa yhteytt\u00e4 Fyysikkoalumni ry:n hallitukseen my\u00f6s alla olevan lomakkeen v\u00e4lityksell\u00e4. Esimerkiksi muuttuneet yhteystiedot on k\u00e4tev\u00e4 ilmoittaa sill\u00e4. Mik\u00e4li haet j\u00e4seneksi k\u00e4yt\u00e4 kuitenkin erillist\u00e4 j\u00e4seneksi-lomaketta.<\/p>\n<a href=\"https:\/\/fyysikkoalumni.fi\/wordpress\/ota-yhteytta\/\">Lue lis\u00e4\u00e4...<\/a>","protected":false},"author":1,"featured_media":0,"parent":0,"menu_order":4,"comment_status":"closed","ping_status":"closed","template":"","meta":[],"_links":{"self":[{"href":"https:\/\/fyysikkoalumni.fi\/wordpress\/wp-json\/wp\/v2\/pages\/60"}],"collection":[{"href":"https:\/\/fyysikkoalumni.fi\/wordpress\/wp-json\/wp\/v2\/pages"}],"about":[{"href":"https:\/\/fyysikkoalumni.fi\/wordpress\/wp-json\/wp\/v2\/types\/page"}],"author":[{"embeddable":true,"href":"https:\/\/fyysikkoalumni.fi\/wordpress\/wp-json\/wp\/v2\/users\/1"}],"replies":[{"embeddable":true,"href":"https:\/\/fyysikkoalumni.fi\/wordpress\/wp-json\/wp\/v2\/comments?post=60"}],"version-history":[{"count":4,"href":"https:\/\/fyysikkoalumni.fi\/wordpress\/wp-json\/wp\/v2\/pages\/60\/revisions"}],"predecessor-version":[{"id":1647,"href":"https:\/\/fyysikkoalumni.fi\/wordpress\/wp-json\/wp\/v2\/pages\/60\/revisions\/1647"}],"wp:attachment":[{"href":"https:\/\/fyysikkoalumni.fi\/wordpress\/wp-json\/wp\/v2\/media?parent=60"}],"curies":[{"name":"wp","href":"https:\/\/api.w.org\/{rel}","templated":true}]}}