{"id":58,"date":"2014-10-17T22:32:32","date_gmt":"2014-10-17T19:32:32","guid":{"rendered":"http:\/\/fyysikkoalumni.fi\/wordpress\/?page_id=58"},"modified":"2019-08-10T18:43:27","modified_gmt":"2019-08-10T15:43:27","slug":"linkit","status":"publish","type":"page","link":"https:\/\/fyysikkoalumni.fi\/wordpress\/linkit\/","title":{"rendered":"Kumppanit"},"content":{"rendered":"<h3>Fyysikkoalumni sosiaalisessa mediassa<\/h3>\n<p><a title=\"Fyysikkoalumnin Facebook-ryhm\u00e4\" href=\"https:\/\/www.facebook.com\/groups\/5820945417\/\">Fyysikkoalumnin Facebook-ryhm\u00e4.<\/a><\/p>\n<p><a title=\"Fyysikkoalumnin LinkedIn-ryhm\u00e4\" href=\"https:\/\/www.linkedin.com\/groups\/37883\/\">Fyysikkoalumnin LinkedIn-ryhm\u00e4.<\/a><\/p>\n<h3>Alumnitoiminta<\/h3>\n<p class=\"moz-quote-pre\"><a href=\"http:\/\/alumnicircle.aalto.fi\">Aalto-yliopiston alumniverkosto Aalto Alumni Circle<\/a><\/p>\n<h3>Opiskelijaj\u00e4rjest\u00f6t<\/h3>\n<p><a title=\"Fyysikkokilta ry:n kotisivut\" href=\"http:\/\/fyysikkokilta.fi\/\">Fyysikkokilta ry<\/a><\/p>\n<h3>Korkeakoulutus<\/h3>\n<p><a title=\"TFM\" href=\"https:\/\/www.aalto.fi\/fi\/study-options\/teknillinen-fysiikka-ja-matematiikka-tekniikan-kandidaatti-ja-diplomi-insinoori\">Teknillisen fysiikan ja matematiikan koulutusohjelma Aalto-yliopiston perustieteiden korkeakoulussa.<\/a><\/p>\n<p><a href=\"https:\/\/math.aalto.fi\/fi\/\">Matematiikan ja systeemianalyysin laitos, ja sen tulevat tapahtumat.<\/a><\/p>\n<p><a href=\"http:\/\/physics.aalto.fi\/fi\/current\/\">Teknillisen fysiikan laitoksen tulevat tapahtumat.<\/a><\/p>\n<p><a href=\"http:\/\/nbe.aalto.fi\/fi\/current\/\">Neurotieteen ja l\u00e4\u00e4ketieteellisen tekniikan laitoksen tulevat tapahtumat.<\/a><\/p>\n<p>Vuoden 2015 alussa teknilliseen fysiikkaan liittyvien laitoksia uudelleenj\u00e4rjesteltiin. Valtaosa Kylm\u00e4laboratoriosta yhdistettiin osaksi Teknillisen fysiikan laitosta, Kylm\u00e4laboratorion aivotutkimusyksik\u00f6st\u00e4 yhdistettiin L\u00e4\u00e4ketieteellisen tekniikan ja laskennallisen tieteen laitoksen l\u00e4\u00e4ketieteellisen puolen kanssa uudeksi Neurotieteen ja l\u00e4\u00e4ketieteellisen tekniikan laitokseksi.<\/p>\n<p>\u00a0<\/p>\n\n\n<p><\/p>\n","protected":false},"excerpt":{"rendered":"<p>Fyysikkoalumni sosiaalisessa mediassa Fyysikkoalumnin Facebook-ryhm\u00e4. Fyysikkoalumnin LinkedIn-ryhm\u00e4. Alumnitoiminta Aalto-yliopiston alumniverkosto Aalto Alumni Circle Opiskelijaj\u00e4rjest\u00f6t Fyysikkokilta ry Korkeakoulutus Teknillisen fysiikan ja matematiikan koulutusohjelma Aalto-yliopiston perustieteiden korkeakoulussa. Matematiikan ja systeemianalyysin laitos, ja sen tulevat tapahtumat. Teknillisen fysiikan laitoksen tulevat tapahtumat. Neurotieteen ja l\u00e4\u00e4ketieteellisen tekniikan laitoksen tulevat tapahtumat. Vuoden 2015 alussa teknilliseen fysiikkaan liittyvien laitoksia uudelleenj\u00e4rjesteltiin. Valtaosa Kylm\u00e4laboratoriosta [&hellip;]<\/p>\n<a href=\"https:\/\/fyysikkoalumni.fi\/wordpress\/linkit\/\">Lue lis\u00e4\u00e4...<\/a>","protected":false},"author":1,"featured_media":0,"parent":0,"menu_order":3,"comment_status":"closed","ping_status":"closed","template":"","meta":[],"_links":{"self":[{"href":"https:\/\/fyysikkoalumni.fi\/wordpress\/wp-json\/wp\/v2\/pages\/58"}],"collection":[{"href":"https:\/\/fyysikkoalumni.fi\/wordpress\/wp-json\/wp\/v2\/pages"}],"about":[{"href":"https:\/\/fyysikkoalumni.fi\/wordpress\/wp-json\/wp\/v2\/types\/page"}],"author":[{"embeddable":true,"href":"https:\/\/fyysikkoalumni.fi\/wordpress\/wp-json\/wp\/v2\/users\/1"}],"replies":[{"embeddable":true,"href":"https:\/\/fyysikkoalumni.fi\/wordpress\/wp-json\/wp\/v2\/comments?post=58"}],"version-history":[{"count":11,"href":"https:\/\/fyysikkoalumni.fi\/wordpress\/wp-json\/wp\/v2\/pages\/58\/revisions"}],"predecessor-version":[{"id":2067,"href":"https:\/\/fyysikkoalumni.fi\/wordpress\/wp-json\/wp\/v2\/pages\/58\/revisions\/2067"}],"wp:attachment":[{"href":"https:\/\/fyysikkoalumni.fi\/wordpress\/wp-json\/wp\/v2\/media?parent=58"}],"curies":[{"name":"wp","href":"https:\/\/api.w.org\/{rel}","templated":true}]}}