{"id":554,"date":"2015-07-01T23:26:35","date_gmt":"2015-07-01T20:26:35","guid":{"rendered":"http:\/\/fyysikkoalumni.fi\/wordpress\/?page_id=554"},"modified":"2026-02-12T20:57:35","modified_gmt":"2026-02-12T17:57:35","slug":"vuosikurssitapaamiset","status":"publish","type":"page","link":"https:\/\/fyysikkoalumni.fi\/wordpress\/tapahtumat\/vuosikurssitapaamiset\/","title":{"rendered":"Vuosikurssitapaamiset"},"content":{"rendered":"<p>Vuosikurssitapaamiset ovat hyv\u00e4 keino pit\u00e4\u00e4 s\u00e4\u00e4nn\u00f6llisesti yhteytt\u00e4 opiskelutovereihin, esimerkiksi 5 tai 10 vuoden v\u00e4lein. Fyysikkoalumni ry tukee alumnejaan vuosikurssitapaamisten j\u00e4rjest\u00e4misess\u00e4 ker\u00e4\u00e4m\u00e4ll\u00e4 t\u00e4lle sivulle vinkkej\u00e4 onnistuneen vuosikurssitapaamisen j\u00e4rjest\u00e4miseksi, ja auttamalla mahdollisuuksien mukaan.\u00a0 Fyysikkoalumni ry:n hallitukseen saa yhteytt\u00e4 l\u00e4hett\u00e4m\u00e4ll\u00e4 viesti\u00e4 osoitteeseen: hallitus [at] fyysikkoalumni.fi.<\/p>\n<h2>Vinkkej\u00e4 onnistuneen vuosikurssitapaamisen j\u00e4rjest\u00e4miseen<\/h2>\n<h3><strong>Tapaamisen j\u00e4rjest\u00e4minen<\/strong><\/h3>\n<p>Kuka tahansa vuosikurssin j\u00e4sen voi ryhty\u00e4 tapaamisen j\u00e4rjest\u00e4j\u00e4ksi yksin tai useamman hengen voimin.<\/p>\n<p>Voit valita ajankohdan ja paikan itse tai kysy\u00e4 osallistujilta sopivaa aikaa esimerkiksi s\u00e4hk\u00f6postitse. Ideoita tapaamispaikoista ja ohjelmasta l\u00f6ytyy aiempien tapaamisten listasta. Muista varata tila hyviss\u00e4 ajoin.<\/p>\n<p>Mik\u00e4li tapaaminen on Otaniemess\u00e4, voit tiedustella opiskelijoiden, alumniyhdistyksen, tai yliopiston mahdollista esiintymist\u00e4 tilaisuudessa.<\/p>\n<h3>Yhteystietojen ker\u00e4\u00e4minen<\/h3>\n<p>T\u00e4m\u00e4 on todenn\u00e4k\u00f6isesti tapahtuman j\u00e4rjest\u00e4j\u00e4n haastavin teht\u00e4v\u00e4. Seuraavista l\u00e4hteist\u00e4 voi olla apua:<\/p>\n<ul>\n<li>Omat kontaktit vuosikurssilta<\/li>\n<li>Aalto-yliopiston arkistot (TKK:n hyv\u00e4ksytyt opiskelijat lukuvuosittain)<\/li>\n<li>Fyysikkoalumni ry:n j\u00e4senrekisteri<\/li>\n<li>LinkedIn<\/li>\n<li>Matrikkelit: Vanhoista vuosikursseista on saatavilla matrikkeleita Fyysikkokillalta. Fyysikkoalumni voi toimia v\u00e4litt\u00e4j\u00e4n\u00e4 kyselyiss\u00e4. My\u00f6s ylioppilaskunnan arkistolta voi kysell\u00e4 matrikkeleita.<\/li>\n<\/ul>\n<p>Voit auttaa omaa vuosikurssiasi jatkossa l\u00e4hett\u00e4m\u00e4ll\u00e4 kopion vuosikurssisi matrikkelista killalle.<\/p>\n<h3>Tiedottaminen<\/h3>\n<p>Tiedota tapaamisesta hyviss\u00e4 ajoin.<\/p>\n<p>Fyysikkoalumni ry:n hallitusta kannattaa pyyt\u00e4\u00e4 lis\u00e4\u00e4m\u00e4\u00e4n tapahtuma n\u00e4ille sivuille.<\/p>\n<h3>Tapaamisen j\u00e4lkeen<\/h3>\n<p>Muista ker\u00e4t\u00e4 ja tallentaa osallistujien s\u00e4hk\u00f6postiosoitteet \u2013 ne ovat arvokkaita tulevia tapaamisia varten.<\/p>\n<p>Onko sinulla kokemusta vuosikurssitapaamisen j\u00e4rjest\u00e4misest\u00e4? Jaa ideasi\/kokemuksesi hallitukselle, niin lis\u00e4\u00e4mme vinkit t\u00e4lle sivulle. Hallitus ottaa mielell\u00e4\u00e4n vastaan tietoa my\u00f6s jo j\u00e4rjestetyist\u00e4 vuosikurssitapaamisista.<\/p>\n<h3>Tulevat vuosikurssitapaamiset<\/h3>\n<p>Vuosikurssi, aika, paikka, vastuuhenkil\u00f6, ohjelmakuvaus.<\/p>\n<p>F98, 21.3.2026, ravintola Gillet, Tuula M\u00e4ki.<br \/>\nOhjelma: Tapaaminen ravintola-illallisen, ohjelman ja jutustelun merkeiss\u00e4.<\/p>\n<h3>J\u00e4rjestetyt vuosikurssitapaamiset<\/h3>\n<p>Vuosikurssi, aika, paikka, vastuuhenkil\u00f6, ohjelmakuvaus.<\/p>\n<p>F75, 09.10.2025, 50-vuotisjuhlatapaaminen, Jouni Pekkanen.<br \/>\nOhjelma: Tapaaminen p\u00e4iv\u00e4llisen, jutustelun ja muistelun merkeiss\u00e4 Otaniemi\/Tapiola. Mahdolliset etkot.<\/p>\n<p>F79, 20.11.2014, ravintola Havis Kitchen, Kimmo Tikka, Ohjelma: Tapaaminen sujui ruokailun, jutustelun ja muistelun merkeiss\u00e4. Jatkot olivat ravintola Teatterin baarissa.<\/p>\n<p>F81, 13.08.2016, 35-vuotisjuhlatapaaminen, Tuula Aaltola. Ohjelma: Esitelmi\u00e4, puheita ja ruokailua Otaniemen rantasaunalla.<\/p>\n<p>F66, 06.10.2016, 50-vuotisjuhlatapaaminen, Rainer Salomaa. Ohjelma: Tapaaminen Otaniemess\u00e4, Fyysikkoalumnin esittely, menneiden muistelua.<\/p>\n","protected":false},"excerpt":{"rendered":"<p>Vuosikurssitapaamiset ovat hyv\u00e4 keino pit\u00e4\u00e4 s\u00e4\u00e4nn\u00f6llisesti yhteytt\u00e4 opiskelutovereihin, esimerkiksi 5 tai 10 vuoden v\u00e4lein. Fyysikkoalumni ry tukee alumnejaan vuosikurssitapaamisten j\u00e4rjest\u00e4misess\u00e4 ker\u00e4\u00e4m\u00e4ll\u00e4 t\u00e4lle sivulle vinkkej\u00e4 onnistuneen vuosikurssitapaamisen j\u00e4rjest\u00e4miseksi, ja auttamalla mahdollisuuksien mukaan.\u00a0 Fyysikkoalumni ry:n hallitukseen saa yhteytt\u00e4 l\u00e4hett\u00e4m\u00e4ll\u00e4 viesti\u00e4 osoitteeseen: hallitus [at] fyysikkoalumni.fi. Vinkkej\u00e4 onnistuneen vuosikurssitapaamisen j\u00e4rjest\u00e4miseen Tapaamisen j\u00e4rjest\u00e4minen Kuka tahansa vuosikurssin j\u00e4sen voi ryhty\u00e4 tapaamisen [&hellip;]<\/p>\n<a href=\"https:\/\/fyysikkoalumni.fi\/wordpress\/tapahtumat\/vuosikurssitapaamiset\/\">Lue lis\u00e4\u00e4...<\/a>","protected":false},"author":1,"featured_media":0,"parent":54,"menu_order":2,"comment_status":"closed","ping_status":"closed","template":"","meta":[],"_links":{"self":[{"href":"https:\/\/fyysikkoalumni.fi\/wordpress\/wp-json\/wp\/v2\/pages\/554"}],"collection":[{"href":"https:\/\/fyysikkoalumni.fi\/wordpress\/wp-json\/wp\/v2\/pages"}],"about":[{"href":"https:\/\/fyysikkoalumni.fi\/wordpress\/wp-json\/wp\/v2\/types\/page"}],"author":[{"embeddable":true,"href":"https:\/\/fyysikkoalumni.fi\/wordpress\/wp-json\/wp\/v2\/users\/1"}],"replies":[{"embeddable":true,"href":"https:\/\/fyysikkoalumni.fi\/wordpress\/wp-json\/wp\/v2\/comments?post=554"}],"version-history":[{"count":14,"href":"https:\/\/fyysikkoalumni.fi\/wordpress\/wp-json\/wp\/v2\/pages\/554\/revisions"}],"predecessor-version":[{"id":3100,"href":"https:\/\/fyysikkoalumni.fi\/wordpress\/wp-json\/wp\/v2\/pages\/554\/revisions\/3100"}],"up":[{"embeddable":true,"href":"https:\/\/fyysikkoalumni.fi\/wordpress\/wp-json\/wp\/v2\/pages\/54"}],"wp:attachment":[{"href":"https:\/\/fyysikkoalumni.fi\/wordpress\/wp-json\/wp\/v2\/media?parent=554"}],"curies":[{"name":"wp","href":"https:\/\/api.w.org\/{rel}","templated":true}]}}