{"id":54,"date":"2014-10-17T22:31:00","date_gmt":"2014-10-17T19:31:00","guid":{"rendered":"http:\/\/fyysikkoalumni.fi\/wordpress\/?page_id=54"},"modified":"2015-02-08T10:08:59","modified_gmt":"2015-02-08T07:08:59","slug":"tapahtumat","status":"publish","type":"page","link":"https:\/\/fyysikkoalumni.fi\/wordpress\/tapahtumat\/","title":{"rendered":"Tapahtumat"},"content":{"rendered":"<p>Alla muutama tuorein tapahtuma sek\u00e4 linkit kaikkiin aiempiin tapahtumiin vuosiluvun mukaan j\u00e4rjestettyn\u00e4.<\/p>\n","protected":false},"excerpt":{"rendered":"<p>Alla muutama tuorein tapahtuma sek\u00e4 linkit kaikkiin aiempiin tapahtumiin vuosiluvun mukaan j\u00e4rjestettyn\u00e4.<\/p>\n<a href=\"https:\/\/fyysikkoalumni.fi\/wordpress\/tapahtumat\/\">Lue lis\u00e4\u00e4...<\/a>","protected":false},"author":1,"featured_media":0,"parent":0,"menu_order":2,"comment_status":"closed","ping_status":"closed","template":"page-events.php","meta":[],"_links":{"self":[{"href":"https:\/\/fyysikkoalumni.fi\/wordpress\/wp-json\/wp\/v2\/pages\/54"}],"collection":[{"href":"https:\/\/fyysikkoalumni.fi\/wordpress\/wp-json\/wp\/v2\/pages"}],"about":[{"href":"https:\/\/fyysikkoalumni.fi\/wordpress\/wp-json\/wp\/v2\/types\/page"}],"author":[{"embeddable":true,"href":"https:\/\/fyysikkoalumni.fi\/wordpress\/wp-json\/wp\/v2\/users\/1"}],"replies":[{"embeddable":true,"href":"https:\/\/fyysikkoalumni.fi\/wordpress\/wp-json\/wp\/v2\/comments?post=54"}],"version-history":[{"count":3,"href":"https:\/\/fyysikkoalumni.fi\/wordpress\/wp-json\/wp\/v2\/pages\/54\/revisions"}],"predecessor-version":[{"id":290,"href":"https:\/\/fyysikkoalumni.fi\/wordpress\/wp-json\/wp\/v2\/pages\/54\/revisions\/290"}],"wp:attachment":[{"href":"https:\/\/fyysikkoalumni.fi\/wordpress\/wp-json\/wp\/v2\/media?parent=54"}],"curies":[{"name":"wp","href":"https:\/\/api.w.org\/{rel}","templated":true}]}}