{"id":52,"date":"2014-10-17T22:29:45","date_gmt":"2014-10-17T19:29:45","guid":{"rendered":"http:\/\/fyysikkoalumni.fi\/wordpress\/?page_id=52"},"modified":"2022-03-11T17:02:57","modified_gmt":"2022-03-11T14:02:57","slug":"hallitus","status":"publish","type":"page","link":"https:\/\/fyysikkoalumni.fi\/wordpress\/yhdistysesittely\/hallitus\/","title":{"rendered":"Hallitus"},"content":{"rendered":"<h2>Hallitus 2021\u20132022<\/h2>\n<p>Fyysikkoalumni ry:n hallitus toimikaudella 2021\u20132022 on:<\/p>\n<ul>\n<li>Juha Koponen, F91, puheenjohtaja<\/li>\n<li>Jani Saarenp\u00e4\u00e4, F07, varapuheenjohtaja, yritysyhteisty\u00f6, Aalto alumni -yhteisty\u00f6, tapahtumat<\/li>\n<li>Miika M\u00e4kel\u00e4, F13, sihteeri<\/li>\n<li>Raisa Lehtinen, F89, tiedotus, viestint\u00e4, tapahtumat<\/li>\n<li>Ville Lepist\u00f6, F90, rahastonhoitaja, j\u00e4senrekisterivastaava, sijoitustoiminta<\/li>\n<li>Martti Helamaa, F87, yritysyhteisty\u00f6, tapahtumat<\/li>\n<li>Uula Ollila, F15, kiltayhteisty\u00f6, j\u00e4senhankinta<\/li>\n<li>Miio Taarna, F15, (toimihenkil\u00f6) kiltayhteisty\u00f6, yritysyhteisty\u00f6<\/li>\n<li>Leo Norilo, F12, (toimihenkil\u00f6) yrityssuhdeneuvoston yhdyshenkil\u00f6<\/li>\n<li>Matti Turunen, F16, (toimihenkil\u00f6) Fyysikkokillan yhdyshenkil\u00f6<\/li>\n<\/ul>\n<p>Voit l\u00e4hett\u00e4\u00e4 s\u00e4hk\u00f6postia hallitukselle osoitteeseen hallitus (at) fyysikkoalumni.fi<\/p>\n<h2>Aikaisemmat hallitukset<\/h2>\n<h3>Hallitus 2020\u20132021<\/h3>\n<p>Fyysikkoalumni ry:n hallitus toimikaudella 2020\u20132021 on:<\/p>\n<ul>\n<li>Solveig Roschier, F89, puheenjohtaja, sijoitustoiminta<\/li>\n<li>Jani Saarenp\u00e4\u00e4, F07, varapuheenjohtaja, yritysyhteisty\u00f6, Aalto alumni -yhteisty\u00f6, tapahtumat<\/li>\n<li>Markus Turunen, F66, sihteeri<\/li>\n<li>Raisa Lehtinen, F89, tiedotus, viestint\u00e4, Aalto-yhteisty\u00f6<\/li>\n<li>Miika M\u00e4kel\u00e4, F13, tapahtumat, viestint\u00e4, j\u00e4senrekisteri<\/li>\n<li>Ville Lepist\u00f6, F90, rahastonhoitaja, j\u00e4senrekisterivastaava, sijoitustoiminta<\/li>\n<li>Leo Norilo, F12, j\u00e4senhankinta, yritysyhteisty\u00f6, sijoitustoiminta<\/li>\n<li>Miio Taarna, F15, kiltayhteisty\u00f6, j\u00e4senhankinta, Aalto alumni -yhteisty\u00f6, Aalto-yhteisty\u00f6 (toimihenkil\u00f6)<\/li>\n<li>Uula Ollila, F15, kiltayhteisty\u00f6, yritysyhteisty\u00f6 (toimihenkil\u00f6, Fyysikkokillan edustaja)<\/li>\n<\/ul>\n<h3>Hallitus 2019\u20132020<\/h3>\n<p>Fyysikkoalumni ry:n hallitus toimikaudella 2019\u20132020 on:<\/p>\n<ul>\n<li>Solveig Roschier, F89, puheenjohtaja<\/li>\n<li>Jani Saarenp\u00e4\u00e4, F07, varapuheenjohtaja\/tiedotus\/viestint\u00e4\/Aalto-yhteisty\u00f6<\/li>\n<li>Markus Turunen, F66, sihteeri<\/li>\n<li>Raisa Lehtinen, F89, Yritysyhteisty\u00f6<\/li>\n<li>Miika M\u00e4kel\u00e4, F13, Tapahtuma j\u00e4rjestelyt<\/li>\n<li>Ville Lepist\u00f6, F90, rahastonhoitaja ja j\u00e4senrekisterivastaava<\/li>\n<li>Leo Norilo, F12, j\u00e4senhankinta<\/li>\n<li>Miio Taarna, F15, kiltavastaava, yritysyhteisty\u00f6 (toimihenkil\u00f6)<\/li>\n<li>Einari Tuukkanen, F15, kiltavastaava, yritysyhteisty\u00f6 (toimihenkil\u00f6, Fyysikkokillan edustaja)<\/li>\n<\/ul>\n<h3>Hallitus 2018\u20132019<\/h3>\n<p>Fyysikkoalumni ry:n hallitus toimikaudella 2018\u20132019 on:<\/p>\n<ul>\n<li>Solveig Roschier, F89, puheenjohtaja<\/li>\n<li>Jani Saarenp\u00e4\u00e4, F07, varapuheenjohtaja\/tiedotus\/viestint\u00e4<\/li>\n<li>Markus Turunen, F66, sihteeri<\/li>\n<li>Milla Karvonen, F96, Someviestint\u00e4\/Aalto-yhteisty\u00f6<\/li>\n<li>Reino Ker\u00e4nen, F81, yritysyhteisty\u00f6vastaava<\/li>\n<li>Ville Lepist\u00f6, F90, rahastonhoitaja ja j\u00e4senrekisterivastaava<\/li>\n<li>Leo Norilo, F12, j\u00e4senhankinta (toimihenkil\u00f6)<\/li>\n<li>Miio Taarna, F15, kiltavastaava, yritysyhteisty\u00f6 (toimihenkil\u00f6, Fyysikkokillan edustaja)<\/li>\n<\/ul>\n<h3>Hallitus 2017\u20132018<\/h3>\n<p>Fyysikkoalumni ry:n hallitus toimikaudella 2017\u20132018 on:<\/p>\n<ul>\n<li>Matti Talvioja, F79, puheenjohtaja<\/li>\n<li>Milla Karvonen F96, varapuheenjohtaja<\/li>\n<li>Markus Turunen, F66, sihteeri<\/li>\n<li>Reino Ker\u00e4nen, F81, yritysyhteisty\u00f6vastaava<\/li>\n<li>Ville Lepist\u00f6, F90, rahastonhoitaja ja j\u00e4senrekisterivastaava<\/li>\n<li>Solveig Roschier, F89, Aalto- ja imago-vastaava<\/li>\n<li>Leo Norilo, F12, tiedottaja ja nettisivuvastaava<\/li>\n<li>Saara Niemel\u00e4inen, F14, kiltavastaava (toimihenkil\u00f6, Fyysikkokillan edustaja)<\/li>\n<\/ul>\n<h3>Hallitus 2016\u20132017<\/h3>\n<p>Fyysikkoalumni ry:n hallitus toimikaudella 2016\u20132017 on:<\/p>\n<ul>\n<li>Matti Talvioja, F79, puheenjohtaja<\/li>\n<li>Milla Karvonen F96, varapuheenjohtaja<\/li>\n<li>Markus Turunen, F66, sihteeri<\/li>\n<li>Reino Ker\u00e4nen, F81, yritysyhteisty\u00f6vastaava<\/li>\n<li>Ville Lepist\u00f6, F90, rahastonhoitaja ja j\u00e4senrekisterivastaava<\/li>\n<li>Ville Peri, F08, Aalto-vastaava<\/li>\n<li>Leo Norilo, F12, kiltavastaava, tiedottaja ja nettisivuvastaava (toimihenkil\u00f6, Fyysikkokillan edustaja)<\/li>\n<\/ul>\n<h3>Hallitus 2015\u20132016<\/h3>\n<p>Fyysikkoalumni ry:n hallitus toimikaudella 2015\u20132016 on:<\/p>\n<ul>\n<li>Outi P\u00f6nni, F08, puheenjohtaja (outi.ponni (at) gmail.com)<\/li>\n<li>Markku Ellil\u00e4, F79, varapuheenjohtaja<\/li>\n<li>Lari Koponen, F09, nettivastaava ja tiedottaja<\/li>\n<li>Ville Lepist\u00f6, F90, rahastonhoitaja ja j\u00e4senrekisterivastaava<\/li>\n<li>Ari Nikkola, F73, yritysvastaava<\/li>\n<li>Heikki Railo, F52, sihteeri<\/li>\n<li>Markus Turunen, F66, Aalto-vastaava<\/li>\n<li>Juho Timonen, F13, kiltavastaava (toimihenkil\u00f6, Fyysikkokillan edustaja)<\/li>\n<\/ul>\n<h3>Hallitus 2014\u20132015<\/h3>\n<p>Fyysikkoalumni ry:n hallitus toimikaudella 2014\u20132015 on:<\/p>\n<ul>\n<li>Petri Heikkinen, F03, puheenjohtaja<\/li>\n<li>Jouko R\u00e4is\u00e4nen, F68<\/li>\n<li>Ari Nikkola, F73<\/li>\n<li>Markus Levlin, F87<\/li>\n<li>Markku Ellil\u00e4, F79<\/li>\n<li>Lari Koponen, F09<\/li>\n<li>Outi P\u00f6nni (Fyysikkokillan edustaja, rahastonhoitaja)<\/li>\n<li>Aapo Hanski (Fyysikkokillan edustaja, toimihenkil\u00f6)<\/li>\n<\/ul>\n<h3>Hallitus 2013\u20132014<\/h3>\n<p>Fyysikkoalumni ry:n hallitus toimikaudella 2013\u20132014 on:<\/p>\n<ul>\n<li>Petri Heikkinen, F03, puheenjohtaja<\/li>\n<li>Olavi Keski-Rahkonen, F64<\/li>\n<li>Jouko R\u00e4is\u00e4nen, F68<\/li>\n<li>Ari Nikkola, F73<\/li>\n<li>Markus Levlin, F87<\/li>\n<li>Matti Liukku, F01<\/li>\n<li>Elsa Mannila, F10 (Fyysikkokillan edustaja)<\/li>\n<li>Ville Valtavirta, F05 (Fyysikkokillan edustaja, toimihenkil\u00f6)<\/li>\n<\/ul>\n<h3>Hallitus 2012\u20132013<\/h3>\n<p>Fyysikkoalumni ry:n hallitus toimikaudella 2012\u20132013 on:<\/p>\n<ul>\n<li>Petri Heikkinen, F03, puheenjohtaja (petri.heikkinen (at) aalto.fi, 040 727 6892)<\/li>\n<li>Olavi Keski-Rahkonen, F64<\/li>\n<li>Jouko R\u00e4is\u00e4nen, F68<\/li>\n<li>Reino Ker\u00e4nen, F82<\/li>\n<li>Raisa Lehtinen, F89<\/li>\n<li>Matti Liukku, F01<\/li>\n<li>Mariia Keitaanniemi (Fyysikkokillan edustaja)<\/li>\n<li>Ville Valtavirta (Fyysikkokillan edustaja, toimihenkil\u00f6)<\/li>\n<\/ul>\n<h3>Hallitus 2011\u20132012<\/h3>\n<p>Fyysikkoalumni ry:n hallitus toimikaudella 2011\u20132012 on:<\/p>\n<ul>\n<li>Petri Heikkinen, puheenjohtaja<\/li>\n<li>Raisa Lehtinen<\/li>\n<li>Erkki Kataja<\/li>\n<li>Juhani P\u00e4\u00e4kk\u00f6nen<\/li>\n<li>Olavi Keski-Rahkonen<\/li>\n<li>Topi Leisti<\/li>\n<li>Jori J\u00e4ms\u00e4 (Fyysikkokillan edustaja)<\/li>\n<li>Hannes Alarotu (Fyysikkokillan edustaja, toimihenkil\u00f6)<\/li>\n<\/ul>\n<h3>Hallitus 2010\u20132011<\/h3>\n<p>Fyysikkoalumni ry:n hallitus toimikaudella 2010\u20132011 on:<\/p>\n<ul>\n<li>Leena Pesu, puheenjohtaja<\/li>\n<li>Jaakko Ihamuotila<\/li>\n<li>Antti Pokki<\/li>\n<li>Juhani P\u00e4\u00e4kk\u00f6nen<\/li>\n<li>Mervi Turunen<\/li>\n<li>Topi Leisti<\/li>\n<li>Petri Heikkinen (Fyysikkokillan edustaja)<\/li>\n<li>Patrik Laiho (Fyysikkokillan edustaja, toimihenkil\u00f6)<\/li>\n<\/ul>\n<h3>Hallitus 2009\u20132010<\/h3>\n<p>Fyysikkoalumni ry:n hallitus toimikaudella 2009\u20132010 on:<\/p>\n<ul>\n<li>Leena Pesu, puheenjohtaja<\/li>\n<li>Jaakko Ihamuotila<\/li>\n<li>Antti Pokki<\/li>\n<li>Kristina Bj\u00f6rkn\u00e4s<\/li>\n<li>Mervi Turunen<\/li>\n<li>Eero Tervonen<\/li>\n<li>Petri Heikkinen (Fyysikkokillan edustaja)<\/li>\n<li>Lilli Konttinen (Fyysikkokillan edustaja, toimihenkil\u00f6)<\/li>\n<\/ul>\n<h3>Hallitus 2008\u20132009<\/h3>\n<p>Fyysikkoalumni ry:n hallitus toimikaudella 2008\u20132009 on:<\/p>\n<ul>\n<li>Matti Talvioja, puheenjohtaja<\/li>\n<li>Tapani Hyv\u00e4m\u00e4ki<\/li>\n<li>Erkki Kataja<\/li>\n<li>Ville Lehtola<\/li>\n<li>Leena Pesu<\/li>\n<li>Vesa-Matti Riekkinen<\/li>\n<li>Solveig Roschier<\/li>\n<li>Eero Tervonen<\/li>\n<\/ul>\n<h3>Hallitus 2007\u20132008<\/h3>\n<p>Fyysikkoalumni ry:n hallitus toimikaudella 2007\u20132008 on:<\/p>\n<ul>\n<li>Leena Pesu, puheenjohtaja<\/li>\n<li>Matti Talvioja, varapuheenjohtaja<\/li>\n<li>Eero Tervonen, sihteeri<\/li>\n<li>Martti Helamaa<\/li>\n<li>Tuomas Mennola<\/li>\n<li>Olli Sihvonen, rahastonhoitaja<\/li>\n<li>Simo Saarinen<\/li>\n<li>Tapani Hyv\u00e4m\u00e4ki<\/li>\n<\/ul>\n<h3>Hallitus 2006\u20132007<\/h3>\n<p>Fyysikkoalumni ry:n hallitus toimikaudella 2006\u20132007 on:<\/p>\n<ul>\n<li>Eero Tervonen, puheenjohtaja<\/li>\n<li>Matti Rantanen, varapuheenjohtaja<\/li>\n<li>Martti Helamaa, sihteeri<\/li>\n<li>Laura Salmi<\/li>\n<li>Matti Talvioja<\/li>\n<li>Tuomas Mennola<\/li>\n<li>Mauno Taajamaa, yhteydet fyysikkokiltaan<\/li>\n<li>Olli Sihvonen, rahastonhoitaja<\/li>\n<\/ul>\n<h3>Hallitus 2005\u20132006<\/h3>\n<p>Fyysikkoalumni ry:n hallitus toimikaudella 2005\u20132006 on:<\/p>\n<ul>\n<li>Juha Koponen, puheenjohtaja<\/li>\n<li>Olavi Numminen, varapuheenjohtaja<\/li>\n<li>Martti Helamaa, sihteeri ja tiedotusvastaava<\/li>\n<li>Laura Salmi, huvivastaava<\/li>\n<li>Matti Talvioja, ammatilliset asiat<\/li>\n<li>Pertti Vahermaa, ammatilliset asiat ja ulkosuhteet<\/li>\n<li>Klausveikko Oinonen, yhteydet fyysikkokiltaan<\/li>\n<li>Jaakko Virtanen (toimihenkil\u00f6), rahastonhoitaja<\/li>\n<\/ul>\n<h3>Hallitus 2004\u20132005<\/h3>\n<p>Fyysikkoalumni ry:n hallitus toimikaudella 2004\u20132005 on:<\/p>\n<ul>\n<li>Sami Ensio, puheenjohtaja<\/li>\n<li>Leena Pesu<\/li>\n<li>Pekka Tarjanne<\/li>\n<li>Eero Tervonen<\/li>\n<li>Juha Koponen<\/li>\n<li>Pertti Vahermaa<\/li>\n<li>Klausveikko Oinonen, Fyysikkokillan ehdottama edustaja<\/li>\n<\/ul>\n","protected":false},"excerpt":{"rendered":"<p>Hallitus 2021\u20132022 Fyysikkoalumni ry:n hallitus toimikaudella 2021\u20132022 on: Juha Koponen, F91, puheenjohtaja Jani Saarenp\u00e4\u00e4, F07, varapuheenjohtaja, yritysyhteisty\u00f6, Aalto alumni -yhteisty\u00f6, tapahtumat Miika M\u00e4kel\u00e4, F13, sihteeri Raisa Lehtinen, F89, tiedotus, viestint\u00e4, tapahtumat Ville Lepist\u00f6, F90, rahastonhoitaja, j\u00e4senrekisterivastaava, sijoitustoiminta Martti Helamaa, F87, yritysyhteisty\u00f6, tapahtumat Uula Ollila, F15, kiltayhteisty\u00f6, j\u00e4senhankinta Miio Taarna, F15, (toimihenkil\u00f6) kiltayhteisty\u00f6, yritysyhteisty\u00f6 Leo Norilo, [&hellip;]<\/p>\n<a href=\"https:\/\/fyysikkoalumni.fi\/wordpress\/yhdistysesittely\/hallitus\/\">Lue lis\u00e4\u00e4...<\/a>","protected":false},"author":1,"featured_media":0,"parent":38,"menu_order":3,"comment_status":"closed","ping_status":"closed","template":"","meta":[],"_links":{"self":[{"href":"https:\/\/fyysikkoalumni.fi\/wordpress\/wp-json\/wp\/v2\/pages\/52"}],"collection":[{"href":"https:\/\/fyysikkoalumni.fi\/wordpress\/wp-json\/wp\/v2\/pages"}],"about":[{"href":"https:\/\/fyysikkoalumni.fi\/wordpress\/wp-json\/wp\/v2\/types\/page"}],"author":[{"embeddable":true,"href":"https:\/\/fyysikkoalumni.fi\/wordpress\/wp-json\/wp\/v2\/users\/1"}],"replies":[{"embeddable":true,"href":"https:\/\/fyysikkoalumni.fi\/wordpress\/wp-json\/wp\/v2\/comments?post=52"}],"version-history":[{"count":21,"href":"https:\/\/fyysikkoalumni.fi\/wordpress\/wp-json\/wp\/v2\/pages\/52\/revisions"}],"predecessor-version":[{"id":2824,"href":"https:\/\/fyysikkoalumni.fi\/wordpress\/wp-json\/wp\/v2\/pages\/52\/revisions\/2824"}],"up":[{"embeddable":true,"href":"https:\/\/fyysikkoalumni.fi\/wordpress\/wp-json\/wp\/v2\/pages\/38"}],"wp:attachment":[{"href":"https:\/\/fyysikkoalumni.fi\/wordpress\/wp-json\/wp\/v2\/media?parent=52"}],"curies":[{"name":"wp","href":"https:\/\/api.w.org\/{rel}","templated":true}]}}