{"id":47,"date":"2014-10-17T22:11:08","date_gmt":"2014-10-17T19:11:08","guid":{"rendered":"http:\/\/fyysikkoalumni.fi\/wordpress\/?page_id=47"},"modified":"2025-04-03T07:30:18","modified_gmt":"2025-04-03T04:30:18","slug":"jaseneksi-liittyminen","status":"publish","type":"page","link":"https:\/\/fyysikkoalumni.fi\/wordpress\/yhdistysesittely\/jaseneksi-liittyminen\/","title":{"rendered":"Liity j\u00e4seneksi"},"content":{"rendered":"<h3><\/h3>\n<p><img loading=\"lazy\" width=\"1111\" height=\"488\" class=\"alignnone size-full wp-image-2997\" src=\"https:\/\/fyysikkoalumni.fi\/wordpress\/wp-content\/uploads\/2025\/03\/fff.png\" alt=\"\" srcset=\"https:\/\/fyysikkoalumni.fi\/wordpress\/wp-content\/uploads\/2025\/03\/fff.png 1111w, https:\/\/fyysikkoalumni.fi\/wordpress\/wp-content\/uploads\/2025\/03\/fff-700x307.png 700w, https:\/\/fyysikkoalumni.fi\/wordpress\/wp-content\/uploads\/2025\/03\/fff-1024x450.png 1024w, https:\/\/fyysikkoalumni.fi\/wordpress\/wp-content\/uploads\/2025\/03\/fff-768x337.png 768w\" sizes=\"(max-width: 1111px) 100vw, 1111px\" \/><\/p>\n<h2>Tervetuloa Fyysikkoalumnin j\u00e4seneksi!<\/h2>\n<p>(for English, please scroll down)<\/p>\n<p>Me olemme Aalto-yliopiston Teknillisen Fysiikan ja Matematiikan ohjelmasta sek\u00e4 n\u00e4iden ohjelmien edelt\u00e4jist\u00e4 valmistuneiden alumniyhdistys. J\u00e4senemme ovat kandidaatin, maisterin, lisensiaatin ja tohtorin tutkinnon suorittaneita. Toivotamme l\u00e4mpim\u00e4sti tervetulleiksi my\u00f6s Quantum Technology -alumnit.<\/p>\n<p>Fyysikkoalumni tarjoaa loistavan mahdollisuuden tavata yhteisen akateemisen taustan omaavia uusia ja vanhoja tuttavuuksia. Tapahtumamme kokoavat yhteen eri sukupolvien ihmisi\u00e4, mik\u00e4 tuo mukavan sekoituksen kokemuksia ja n\u00e4k\u00f6kulmia.<br \/>\nJ\u00e4rjest\u00e4mme verkkoluentoja ja yritysvierailuja. Sosiaaliset verkostoitumistapahtumamme, kuten perheyst\u00e4v\u00e4llinen Fyystapahtuma, ovat my\u00f6s suosittuja. Fyysikkokillan opiskelijat ovat tervetulleita moniin tapahtumiimme.<br \/>\nFyysikkoalumnin j\u00e4senyys antaa sinulle mahdollisuuden nauttia fyysikko-hengest\u00e4 opintovuosien j\u00e4lkeen, syvent\u00e4\u00e4 ja laajentaa ammatillisia verkostojasi, antaa uusia ideoita sek\u00e4 mahdollisuuden tulla Ullanlinnanm\u00e4elle kuohuviinilasin nostoon joka wappu!<br \/>\n<strong>Liity joukkoomme! Liitty\u00e4ksesi t\u00e4yt\u00e4 hakemus osoitteessa <a href=\"https:\/\/customervoice.microsoft.com\/Pages\/ResponsePage.aspx?id=JHcarkFAYkSm3FOMsZlwflN6jha7qz1Ni8OAuk5Nr-pUMFM5NUpESTZQQzFQTVg3N0g2OFhRQ1BTVy4u&amp;lang=fi\" target=\"_blank\" rel=\"noopener\">[Fyysikkoalumni j\u00e4senhakemus]<\/a><\/strong><\/p>\n<h2>You are welcome to join Fyysikkoalumni!<\/h2>\n<p>We are the alumni association for graduates of Aalto University\u2019s Engineering Physics and Mathematics program. Our members include Bachelor\u2019s, Master\u2019s, Licentiate, and Doctoral graduates, and we warmly welcome alumni from the Quantum Technology program.<br \/>\nThe Physics Alumni association offers a great opportunity to connect with new and old acquaintances who share a similar academic background. Our events bring together people from different generations, creating a wonderful mix of experiences and perspectives.<br \/>\nWe organize online lectures and industry excursions. Our social networking events, such as the family-friendly Fyystapahtuma, are always enjoyable. Students from the Guild of Physics are welcome to many of our events.<br \/>\n<strong>We\u2019d love for you to join us! To join, please fill in the application at <a href=\"https:\/\/customervoice.microsoft.com\/Pages\/ResponsePage.aspx?id=JHcarkFAYkSm3FOMsZlwflN6jha7qz1Ni8OAuk5Nr-pUMFM5NUpESTZQQzFQTVg3N0g2OFhRQ1BTVy4u&amp;lang=en\" target=\"_blank\" rel=\"noopener\">[Fyysikkoalumni membership application]<\/a><\/strong><\/p>\n<h2>Etk\u00f6 ole saanut s\u00e4hk\u00f6postia Fyysikkoalumnilta?<\/h2>\n<p>Oletko Fyysikkoalumnin j\u00e4sen, mutta et ole pitk\u00e4\u00e4n aikaan saanut s\u00e4hk\u00f6postia alumnilta? T\u00e4m\u00e4 saattaa johtua siit\u00e4, ett\u00e4 Fyysikkoalumnin j\u00e4senrekisteriss\u00e4 on vanha s\u00e4hk\u00f6postiosoite. Jos ep\u00e4ilet t\u00e4llaista, l\u00e4het\u00e4 tieto nykyisest\u00e4 s\u00e4hk\u00f6postiosoitteestasi alumnin hallitukselle osoitteeseen\u00a0<a href=\"mailto:hallitus@fyysikkoalumni.fi\" target=\"_blank\" rel=\"noopener noreferrer\">hallitus@fyysikkoalumni.fi<\/a><\/p>\n","protected":false},"excerpt":{"rendered":"<p>Tervetuloa Fyysikkoalumnin j\u00e4seneksi! (for English, please scroll down) Me olemme Aalto-yliopiston Teknillisen Fysiikan ja Matematiikan ohjelmasta sek\u00e4 n\u00e4iden ohjelmien edelt\u00e4jist\u00e4 valmistuneiden alumniyhdistys. J\u00e4senemme ovat kandidaatin, maisterin, lisensiaatin ja tohtorin tutkinnon suorittaneita. Toivotamme l\u00e4mpim\u00e4sti tervetulleiksi my\u00f6s Quantum Technology -alumnit. Fyysikkoalumni tarjoaa loistavan mahdollisuuden tavata yhteisen akateemisen taustan omaavia uusia ja vanhoja tuttavuuksia. Tapahtumamme kokoavat yhteen eri [&hellip;]<\/p>\n<a href=\"https:\/\/fyysikkoalumni.fi\/wordpress\/yhdistysesittely\/jaseneksi-liittyminen\/\">Lue lis\u00e4\u00e4...<\/a>","protected":false},"author":1,"featured_media":0,"parent":38,"menu_order":1,"comment_status":"closed","ping_status":"closed","template":"","meta":[],"_links":{"self":[{"href":"https:\/\/fyysikkoalumni.fi\/wordpress\/wp-json\/wp\/v2\/pages\/47"}],"collection":[{"href":"https:\/\/fyysikkoalumni.fi\/wordpress\/wp-json\/wp\/v2\/pages"}],"about":[{"href":"https:\/\/fyysikkoalumni.fi\/wordpress\/wp-json\/wp\/v2\/types\/page"}],"author":[{"embeddable":true,"href":"https:\/\/fyysikkoalumni.fi\/wordpress\/wp-json\/wp\/v2\/users\/1"}],"replies":[{"embeddable":true,"href":"https:\/\/fyysikkoalumni.fi\/wordpress\/wp-json\/wp\/v2\/comments?post=47"}],"version-history":[{"count":17,"href":"https:\/\/fyysikkoalumni.fi\/wordpress\/wp-json\/wp\/v2\/pages\/47\/revisions"}],"predecessor-version":[{"id":3009,"href":"https:\/\/fyysikkoalumni.fi\/wordpress\/wp-json\/wp\/v2\/pages\/47\/revisions\/3009"}],"up":[{"embeddable":true,"href":"https:\/\/fyysikkoalumni.fi\/wordpress\/wp-json\/wp\/v2\/pages\/38"}],"wp:attachment":[{"href":"https:\/\/fyysikkoalumni.fi\/wordpress\/wp-json\/wp\/v2\/media?parent=47"}],"curies":[{"name":"wp","href":"https:\/\/api.w.org\/{rel}","templated":true}]}}